{"id":5393,"date":"2025-07-14T11:07:10","date_gmt":"2025-07-14T09:07:10","guid":{"rendered":"https:\/\/www.hotel-wastlwirt.at\/registration-form\/"},"modified":"2025-07-14T17:23:23","modified_gmt":"2025-07-14T15:23:23","slug":"registration-form","status":"publish","type":"page","link":"https:\/\/hostinger.hotel-wastlwirt.at\/en\/registration-form\/","title":{"rendered":"Registration Form"},"content":{"rendered":"\t\t<div data-elementor-type=\"wp-page\" data-elementor-id=\"5393\" class=\"elementor elementor-5393 elementor-5176\" data-elementor-post-type=\"page\">\n\t\t\t\t<div data-dp-seasons=\"sommer,winter\" class=\"elementor-element elementor-element-b80185a e-con-full e-flex e-con e-parent\" data-id=\"b80185a\" data-element_type=\"container\" data-e-type=\"container\" data-settings=\"{&quot;background_background&quot;:&quot;classic&quot;}\">\n\t\t\t\t<\/div>\n\t\t<div data-dp-seasons=\"sommer,winter\" class=\"elementor-element elementor-element-85c8cef e-flex e-con-boxed e-con e-parent\" data-id=\"85c8cef\" data-element_type=\"container\" data-e-type=\"container\">\n\t\t\t\t\t<div class=\"e-con-inner\">\n\t\t\t\t<div data-dp-seasons=\"sommer,winter\" class=\"elementor-element elementor-element-2701846 elementor-widget elementor-widget-template\" data-id=\"2701846\" data-element_type=\"widget\" data-e-type=\"widget\" data-widget_type=\"template.default\">\n\t\t\t\t<div class=\"elementor-widget-container\">\n\t\t\t\t\t\t\t<div class=\"elementor-template\">\n\t\t\t\t\t<div data-elementor-type=\"container\" data-elementor-id=\"5221\" class=\"elementor elementor-5221\" data-elementor-post-type=\"elementor_library\">\n\t\t\t\t<div data-dp-seasons=\"sommer,winter\" class=\"elementor-element elementor-element-67f32f1e e-flex e-con-boxed e-con e-parent\" data-id=\"67f32f1e\" data-element_type=\"container\" data-e-type=\"container\">\n\t\t\t\t\t<div class=\"e-con-inner\">\n\t\t\t\t<div data-dp-seasons=\"sommer,winter\" class=\"elementor-element elementor-element-3b3bc9b2 elementor-widget elementor-widget-menu-anchor\" data-id=\"3b3bc9b2\" data-element_type=\"widget\" data-e-type=\"widget\" data-widget_type=\"menu-anchor.default\">\n\t\t\t\t<div class=\"elementor-widget-container\">\n\t\t\t\t\t\t\t<div class=\"elementor-menu-anchor\" id=\"content\"><\/div>\n\t\t\t\t\t\t<\/div>\n\t\t\t\t<\/div>\n\t\t\t\t\t<\/div>\n\t\t\t\t<\/div>\n\t\t\t\t<\/div>\n\t\t\t\t<\/div>\n\t\t\t\t\t\t<\/div>\n\t\t\t\t<\/div>\n\t\t\t\t\t<\/div>\n\t\t\t\t<\/div>\n\t\t<div data-dp-seasons=\"sommer,winter\" class=\"elementor-element elementor-element-c9f560a e-con-full e-flex e-con e-parent\" data-id=\"c9f560a\" data-element_type=\"container\" data-e-type=\"container\">\n\t\t<div data-dp-seasons=\"sommer,winter\" class=\"elementor-element elementor-element-922b36f e-con-full e-flex e-con e-child\" data-id=\"922b36f\" data-element_type=\"container\" data-e-type=\"container\" data-settings=\"{&quot;background_background&quot;:&quot;classic&quot;}\">\n\t\t\t\t<div data-dp-seasons=\"sommer,winter\" class=\"elementor-element elementor-element-cc11312 animated-fast elementor-view-default elementor-invisible elementor-widget elementor-widget-icon\" data-id=\"cc11312\" data-element_type=\"widget\" data-e-type=\"widget\" data-settings=\"{&quot;_animation&quot;:&quot;zoomIn&quot;}\" data-widget_type=\"icon.default\">\n\t\t\t\t<div class=\"elementor-widget-container\">\n\t\t\t\t\t\t\t<div class=\"elementor-icon-wrapper\">\n\t\t\t<div class=\"elementor-icon\">\n\t\t\t<svg xmlns=\"http:\/\/www.w3.org\/2000\/svg\" id=\"Ebene_2\" data-name=\"Ebene 2\" viewBox=\"0 0 519.01 452.56\"><defs><style>      .cls-1 {        fill: #a6191a;        stroke-width: 0px;      }    <\/style><\/defs><g id=\"Logo\"><path class=\"cls-1\" d=\"M161.65,24.58c-43.8-13.24-89.55,2.23-115.76,39.73-11.12,15.92-18.47,34.99-18.95,54.49-.12,10.44.73,20.77,5.74,30.27,2.2,4.11,6.39,10.97,8.83,15.09,49.77,84.17,99.47,169.04,145.67,255.2,1.71,3.7,7.07,4.35,9.76,1.36,0,0,76-123.61,76-123.61,26.91-44.49,53.39-89.24,78.54-134.73,9.18-17.98,13.1-39.31,8.66-59.07-4.9-21.19-17.38-40.39-33.67-54.63-16.16-13.94-36.8-22.71-58.16-23.73-25.14-1.32-50.47,7.46-69.31,23.97,0,0-13.08-18.05-13.08-18.05l1.36-.94s13.07,18.18,13.07,18.18c-7.29,6.28-13.66,13.58-18.94,21.56-12.65,18.78-17.91,40.49-13.9,62.89.28,1.87,1,4.89,1.41,6.77,1.16,4.33,2.64,8.98,4.43,13.1,1.75,4.28,4.11,8.57,6.45,12.58,44.32,76.11,91.02,155.79,134.45,232.27,0,0,7.89,13.95,7.89,13.95,0,0,1.97,3.49,1.97,3.49,0,0,.99,1.74.99,1.74,0,0,.25.44.25.44l.12.22c.04.07.09.17.09.15.04.03.07.05.1.09.14.34.29.4.44.51.23.28.96.33,1.48.26.33-.09.48-.23.71-.36.02-.07.06-.11.13-.13.06-.03.06-.16.13-.21.03-.03.07-.06.11-.09,0,0,.5-.87.5-.87,0,0,15.95-27.79,15.95-27.79,44.68-77.5,90.14-154.57,136.32-231.22,3.06-4.96,5.75-10.32,7.62-15.76,6.17-18.1,3.4-37.96-3.45-55.49-14.73-37.55-51.82-65.78-92.69-66.63-10.36-.28-20.89.81-31.13,3.25,0,0-.96-3.07-.96-3.07,31.44-12.13,67.38-9.13,96.13,8.82,29.36,18.07,50.68,49.22,55.57,83.59,3.11,20.2-.75,39.1-10.46,56.92-1.11,2.03-4.43,8.46-5.61,10.63-44.91,84.9-90.75,169.64-137.45,253.58,0,0-.49.88-.49.88l-.99,1.59c-.69,1.04-1.34,2.1-2.14,3.09-14.13,18.19-42.34,18.32-56.64.22-1.77-2.19-3.33-4.88-4.71-7.34-44.68-78.91-90.03-162.26-133.7-241.9-4.26-7.85-9.22-16.33-12.61-24.58-2.53-6.22-4.62-12.97-6.11-19.52-.2-1.34-1.07-5.37-1.26-6.71-.26-1.61-.62-5.17-.85-6.78,0,0-.3-4.55-.3-4.55-1.17-19.7,3.27-39.85,12.8-57.12,8.47-15.54,20.27-29.26,34.35-39.92,0,0,13.07,18.18,13.07,18.18,0,0-1.42.85-1.42.85,0,0-13.08-18.05-13.08-18.05C225.34.27,283.07-1.33,324.11,29.56c23.19,17.36,40.49,43.13,46.4,71.6,4.34,22.39-.13,45.56-10.41,65.63-37.59,66.76-73.45,134.53-108.52,202.66-7.58,14.55-22.04,42.7-29.62,57.1,0,0-2.13,4.07-2.13,4.07-.47,1-2,3.63-3.44,5.55-9.32,12.64-28.33,15.92-41.59,7.53-4.48-2.72-8.26-6.66-10.85-11.06,0,0-9.42-15.86-9.42-15.86C106.53,335.14,60.95,251.42,16.04,168c-9.46-16.44-12.08-31.52-10.52-50.45C9.53,71.37,43.84,29.15,88.31,16.14c24.51-7.35,51.52-5.2,74.48,5.43,0,0-1.14,3-1.14,3h0Z\"><\/path><\/g><\/svg>\t\t\t<\/div>\n\t\t<\/div>\n\t\t\t\t\t\t<\/div>\n\t\t\t\t<\/div>\n\t\t<div data-dp-seasons=\"sommer,winter\" class=\"elementor-element elementor-element-2e0ec4e e-con-full e-flex e-con e-child\" data-id=\"2e0ec4e\" data-element_type=\"container\" data-e-type=\"container\">\n\t\t\t\t<div data-dp-seasons=\"sommer,winter\" class=\"elementor-element elementor-element-eb82c81 elementor-invisible elementor-widget elementor-widget-heading\" data-id=\"eb82c81\" data-element_type=\"widget\" data-e-type=\"widget\" data-settings=\"{&quot;_animation&quot;:&quot;fadeInUp&quot;}\" data-widget_type=\"heading.default\">\n\t\t\t\t<div class=\"elementor-widget-container\">\n\t\t\t\t\t<h1 class=\"elementor-heading-title elementor-size-default\">Registration form<\/h1>\t\t\t\t<\/div>\n\t\t\t\t<\/div>\n\t\t\t\t<\/div>\n\t\t\t\t<\/div>\n\t\t\t\t<\/div>\n\t\t<div data-dp-seasons=\"sommer,winter\" class=\"elementor-element elementor-element-251e405 e-con-full e-flex e-con e-parent\" data-id=\"251e405\" data-element_type=\"container\" data-e-type=\"container\">\n\t\t<div data-dp-seasons=\"sommer,winter\" class=\"elementor-element elementor-element-08c14de e-con-full e-flex e-con e-child\" data-id=\"08c14de\" data-element_type=\"container\" data-e-type=\"container\" data-settings=\"{&quot;background_background&quot;:&quot;classic&quot;}\">\n\t\t\t\t<div data-dp-seasons=\"sommer,winter\" class=\"elementor-element elementor-element-8d7021c elementor-widget elementor-widget-formidable\" data-id=\"8d7021c\" data-element_type=\"widget\" data-e-type=\"widget\" data-widget_type=\"formidable.default\">\n\t\t\t\t<div class=\"elementor-widget-container\">\n\t\t\t\t\t<div class=\"frm_forms  with_frm_style frm_style_formidable-stil\" id=\"frm_form_7_container\" data-token=\"6003e6cd727cb9fe985b9a2631e401d2\">\n<form enctype=\"multipart\/form-data\" method=\"post\" class=\"frm-show-form  frm_pro_form \" id=\"form_meldeblatt2\" data-token=\"6003e6cd727cb9fe985b9a2631e401d2\">\n<div class=\"frm_form_fields \">\n<fieldset>\n<legend class=\"frm_screen_reader\">Registration form<\/legend>\r\n\r\n<div class=\"frm_fields_container\">\n<input type=\"hidden\" name=\"frm_action\" value=\"create\" \/>\n<input type=\"hidden\" name=\"form_id\" value=\"7\" \/>\n<input type=\"hidden\" name=\"frm_hide_fields_7\" id=\"frm_hide_fields_7\" value=\"\" \/>\n<input type=\"hidden\" name=\"form_key\" value=\"meldeblatt2\" \/>\n<input type=\"hidden\" name=\"item_meta[0]\" value=\"\" \/>\n<input type=\"hidden\" id=\"frm_submit_entry_7\" name=\"frm_submit_entry_7\" value=\"6d6c3c346b\" \/><input type=\"hidden\" name=\"_wp_http_referer\" value=\"\/en\/wp-json\/wp\/v2\/pages\/5393\" \/><input type=\"hidden\" name=\"item_meta[98]\" id=\"field_fyrua\" value=\"https:\/\/hostinger.hotel-wastlwirt.at\/en\/registration-form\/thank-you\/\"  data-frmval=\"https:\/\/hostinger.hotel-wastlwirt.at\/en\/registration-form\/thank-you\/\"   \/>\n<input type=\"hidden\" name=\"item_meta[99]\" id=\"field_k1ww7\" value=\"en\"  data-frmval=\"en\"   \/>\n<div id=\"frm_field_65_container\" class=\"frm_form_field form-field  frm_required_field frm_top_container frm6 frm_first\">\r\n\t<label for=\"field_ixb502\" id=\"field_ixb502_label\" class=\"frm_primary_label\">Arrival\r\n\t\t<span class=\"frm_required\" aria-hidden=\"true\">*<\/span>\r\n\t<\/label>\r\n\t<input type=\"text\" id=\"field_ixb502\" name=\"item_meta[65]\" value=\"\"  maxlength=\"10\" data-reqmsg=\"Arrival  cannot be empty.\" aria-required=\"true\" data-invmsg=\"Arrival  is invalid\" class=\"frm_date\" aria-invalid=\"false\"  \/>\r\n\t\r\n\t\r\n<\/div>\n<div id=\"frm_field_66_container\" class=\"frm_form_field form-field  frm_required_field frm_top_container frm6\">\r\n\t<label for=\"field_g7dho2\" id=\"field_g7dho2_label\" class=\"frm_primary_label\">Departure\r\n\t\t<span class=\"frm_required\" aria-hidden=\"true\">*<\/span>\r\n\t<\/label>\r\n\t<input type=\"text\" id=\"field_g7dho2\" name=\"item_meta[66]\" value=\"\"  maxlength=\"10\" data-reqmsg=\"Departure  cannot be empty.\" aria-required=\"true\" data-invmsg=\"Departure  is invalid\" class=\"frm_date\" aria-invalid=\"false\"  \/>\r\n\t\r\n\t\r\n<\/div>\n<div id=\"frm_field_72_container\" class=\"frm_form_field form-field  frm_required_field frm_top_container frm4 frm_first\">\r\n\t<label for=\"field_t8wk33\" id=\"field_t8wk33_label\" class=\"frm_primary_label\">Salutation\r\n\t\t<span class=\"frm_required\" aria-hidden=\"true\">*<\/span>\r\n\t<\/label>\r\n\t\t\t<select name=\"item_meta[72]\" id=\"field_t8wk33\"  data-frmval=\"Frau\" data-reqmsg=\"Salutation  cannot be empty.\" aria-required=\"true\" data-invmsg=\"Salutation  is invalid\" aria-invalid=\"false\"  >\n\t\t<option  value=\"Frau\" selected='selected'>Mrs.<\/option><option  value=\"Herr\">Mr.<\/option><option  value=\"Familie\">Family<\/option>\t<\/select>\n\t\r\n\t\r\n\t\r\n<\/div>\n<div id=\"frm_field_73_container\" class=\"frm_form_field form-field  frm_required_field frm_top_container frm4\">\r\n\t<label for=\"field_m8xd3\" id=\"field_m8xd3_label\" class=\"frm_primary_label\">First name\r\n\t\t<span class=\"frm_required\" aria-hidden=\"true\">*<\/span>\r\n\t<\/label>\r\n\t<input  type=\"text\" id=\"field_m8xd3\" name=\"item_meta[73]\" value=\"\"  data-reqmsg=\"First name  cannot be empty.\" aria-required=\"true\" data-invmsg=\"First name  is invalid\" aria-invalid=\"false\"   \/>\r\n\t\r\n\t\r\n<\/div>\n<div id=\"frm_field_74_container\" class=\"frm_form_field form-field  frm_required_field frm_top_container frm4\">\r\n\t<label for=\"field_h91xe3\" id=\"field_h91xe3_label\" class=\"frm_primary_label\">Surname\r\n\t\t<span class=\"frm_required\" aria-hidden=\"true\">*<\/span>\r\n\t<\/label>\r\n\t<input  type=\"text\" id=\"field_h91xe3\" name=\"item_meta[74]\" value=\"\"  data-reqmsg=\"Surname  cannot be empty.\" aria-required=\"true\" data-invmsg=\"Surname  is invalid\" aria-invalid=\"false\"   \/>\r\n\t\r\n\t\r\n<\/div>\n<div id=\"frm_field_84_container\" class=\"frm_form_field form-field  frm_required_field frm_top_container frm6 frm_first\">\r\n\t<label for=\"field_9y8r3\" id=\"field_9y8r3_label\" class=\"frm_primary_label\">Nationality  \r\n\t\t<span class=\"frm_required\" aria-hidden=\"true\">*<\/span>\r\n\t<\/label>\r\n\t<input  type=\"text\" id=\"field_9y8r3\" name=\"item_meta[84]\" value=\"\"  data-reqmsg=\"Nationality    cannot be empty.\" aria-required=\"true\" data-invmsg=\"Nationality    is invalid\" aria-invalid=\"false\"   \/>\r\n\t\r\n\t\r\n<\/div>\n<div id=\"frm_field_85_container\" class=\"frm_form_field form-field  frm_required_field frm_top_container frm6\">\r\n\t<label for=\"field_8s5k3\" id=\"field_8s5k3_label\" class=\"frm_primary_label\">Date of birth\r\n\t\t<span class=\"frm_required\" aria-hidden=\"true\">*<\/span>\r\n\t<\/label>\r\n\t<input type=\"text\" id=\"field_8s5k3\" name=\"item_meta[85]\" value=\"\"  maxlength=\"10\" data-reqmsg=\"Date of birth  cannot be empty.\" aria-required=\"true\" data-invmsg=\"Date of birth  is invalid\" class=\"frm_date\" aria-invalid=\"false\"  \/>\r\n\t\r\n\t\r\n<\/div>\n<div id=\"frm_field_75_container\" class=\"frm_form_field form-field  frm_top_container frm4 frm_first\">\r\n\t<label for=\"field_qsseo3\" id=\"field_qsseo3_label\" class=\"frm_primary_label\">Street\r\n\t\t<span class=\"frm_required\" aria-hidden=\"true\"><\/span>\r\n\t<\/label>\r\n\t<input  type=\"text\" id=\"field_qsseo3\" name=\"item_meta[75]\" value=\"\"  data-invmsg=\"Street  is invalid\" aria-invalid=\"false\"   \/>\r\n\t\r\n\t\r\n<\/div>\n<div id=\"frm_field_76_container\" class=\"frm_form_field form-field  frm_top_container frm4\">\r\n\t<label for=\"field_fromw3\" id=\"field_fromw3_label\" class=\"frm_primary_label\">Postal code\r\n\t\t<span class=\"frm_required\" aria-hidden=\"true\"><\/span>\r\n\t<\/label>\r\n\t<input  type=\"text\" id=\"field_fromw3\" name=\"item_meta[76]\" value=\"\"  data-invmsg=\"Postal code  is invalid\" aria-invalid=\"false\"   \/>\r\n\t\r\n\t\r\n<\/div>\n<div id=\"frm_field_77_container\" class=\"frm_form_field form-field  frm_top_container frm4\">\r\n\t<label for=\"field_scrvm3\" id=\"field_scrvm3_label\" class=\"frm_primary_label\">City\r\n\t\t<span class=\"frm_required\" aria-hidden=\"true\"><\/span>\r\n\t<\/label>\r\n\t<input  type=\"text\" id=\"field_scrvm3\" name=\"item_meta[77]\" value=\"\"  data-invmsg=\"City  is invalid\" aria-invalid=\"false\"   \/>\r\n\t\r\n\t\r\n<\/div>\n<div id=\"frm_field_78_container\" class=\"frm_form_field form-field  frm_required_field frm_top_container frm4 frm_first\">\r\n\t<label for=\"field_83dp63\" id=\"field_83dp63_label\" class=\"frm_primary_label\">Email\r\n\t\t<span class=\"frm_required\" aria-hidden=\"true\">*<\/span>\r\n\t<\/label>\r\n\t<input type=\"email\" id=\"field_83dp63\" name=\"item_meta[78]\" value=\"\"  autocomplete=\"email\"  data-reqmsg=\"Email  cannot be empty.\" aria-required=\"true\" data-invmsg=\"Email  is invalid\" aria-invalid=\"false\"  \/>\r\n\t\r\n\t\r\n<\/div>\n<div id=\"frm_field_79_container\" class=\"frm_form_field form-field  frm_top_container frm4\">\r\n\t<label for=\"field_hvskh3\" id=\"field_hvskh3_label\" class=\"frm_primary_label\">Phone\r\n\t\t<span class=\"frm_required\" aria-hidden=\"true\"><\/span>\r\n\t<\/label>\r\n\t<input type=\"tel\" id=\"field_hvskh3\" name=\"item_meta[79]\" value=\"\"  data-invmsg=\"Phone  is invalid\" aria-invalid=\"false\" pattern=\"((\\+\\d{1,3}(-|.| )?\\(?\\d\\)?(-| |.)?\\d{1,5})|(\\(?\\d{2,6}\\)?))(-|.| )?(\\d{3,4})(-|.| )?(\\d{4})(( x| ext)\\d{1,5}){0,1}$\"  \/>\r\n\t\r\n\t\r\n<\/div>\n<div id=\"frm_field_86_container\" class=\"frm_form_field form-field  frm_top_container frm4\">\r\n\t<label for=\"field_236f6\" id=\"field_236f6_label\" class=\"frm_primary_label\">License plate\r\n\t\t<span class=\"frm_required\" aria-hidden=\"true\"><\/span>\r\n\t<\/label>\r\n\t<input  type=\"text\" id=\"field_236f6\" name=\"item_meta[86]\" value=\"\"  data-invmsg=\"License plate  is invalid\" aria-invalid=\"false\"   \/>\r\n\t\r\n\t\r\n<\/div>\n<div id=\"frm_field_88_container\" class=\"frm_form_field frm_section_heading form-field \">\r\n<h3 class=\"frm_pos_top frm_section_spacing\">Accompanying person(s)<\/h3>\r\n\r\n<input type=\"hidden\" name=\"item_meta[88][form]\" value=\"8\" class=\"frm_dnc\" \/>\n\t\t\t<div id=\"frm_section_88-0\" class=\"frm_repeat_sec frm_repeat_88 frm_first_repeat frm_grid_container\">\n<input type=\"hidden\" name=\"item_meta[88][row_ids][]\" value=\"0\" \/><input type=\"hidden\" name=\"item_meta[88][0][0]\" value=\"\" \/><div id=\"frm_field_90-88-0_container\" class=\"frm_form_field form-field  frm_required_field frm_top_container frm4 frm_first frm_field_90_container\">\r\n\t<label for=\"field_gm0c3-0\" id=\"field_gm0c3-0_label\" class=\"frm_primary_label\">First name\r\n\t\t<span class=\"frm_required\" aria-hidden=\"true\">*<\/span>\r\n\t<\/label>\r\n\t<input  type=\"text\" id=\"field_gm0c3-0\" name=\"item_meta[88][0][90]\" value=\"\"  data-sectionid=\"88\"  data-reqmsg=\"First name  cannot be empty.\" aria-required=\"true\" data-invmsg=\"First name  is invalid\" aria-invalid=\"false\"   \/>\r\n\t\r\n\t\r\n<\/div>\n<div id=\"frm_field_91-88-0_container\" class=\"frm_form_field form-field  frm_required_field frm_top_container frm4 frm_field_91_container\">\r\n\t<label for=\"field_z4p5z-0\" id=\"field_z4p5z-0_label\" class=\"frm_primary_label\">Surname\r\n\t\t<span class=\"frm_required\" aria-hidden=\"true\">*<\/span>\r\n\t<\/label>\r\n\t<input  type=\"text\" id=\"field_z4p5z-0\" name=\"item_meta[88][0][91]\" value=\"\"  data-sectionid=\"88\"  data-reqmsg=\"Surname  cannot be empty.\" aria-required=\"true\" data-invmsg=\"Surname  is invalid\" aria-invalid=\"false\"   \/>\r\n\t\r\n\t\r\n<\/div>\n<div id=\"frm_field_92-88-0_container\" class=\"frm_form_field form-field  frm_required_field frm_top_container frm4 frm_field_92_container\">\r\n\t<label for=\"field_j5dsz-0\" id=\"field_j5dsz-0_label\" class=\"frm_primary_label\">Date of birth\r\n\t\t<span class=\"frm_required\" aria-hidden=\"true\">*<\/span>\r\n\t<\/label>\r\n\t<input type=\"text\" id=\"field_j5dsz-0\" name=\"item_meta[88][0][92]\" value=\"\"  data-sectionid=\"88\"  maxlength=\"10\" data-reqmsg=\"Date of birth  cannot be empty.\" aria-required=\"true\" data-invmsg=\"Date of birth  is invalid\" class=\"frm_date\" aria-invalid=\"false\"  \/>\r\n\t\r\n\t\r\n<\/div>\n<div class=\"frm_form_field frm_hidden_container frm_repeat_buttons \"><a href=\"#\" class=\"frm_add_form_row frm_button\" data-parent=\"88\" aria-label=\"Add\"><svg  viewBox=\"0 0 20 20\" width=\"1em\" height=\"1em\" class=\"frmsvg frm-svg-icon\">\n\t<title>plus1<\/title>\n\t<path d=\"M11 5H9v4H5v2h4v4h2v-4h4V9h-4V5zm-1-5a10 10 0 1 0 0 20 10 10 0 0 0 0-20zm0 18a8 8 0 1 1 0-16 8 8 0 0 1 0 16z\"><\/path>\n\n<\/svg> add<\/a>\n<a href=\"#\" class=\"frm_remove_form_row frm_button\" data-key=\"0\" data-parent=\"88\" aria-label=\"Remove\"><svg  viewBox=\"0 0 20 20\" width=\"1em\" height=\"1em\" class=\"frmsvg frm-svg-icon\">\n\t<title>minus1<\/title>\n\t<path d=\"M5 9v2h10V9H5zm5-9a10 10 0 1 0 0 20 10 10 0 0 0 0-20zm0 18a8 8 0 1 1 0-16 8 8 0 0 1 0 16z\"><\/path>\n\n<\/svg> remove<\/a> <\/div><\/div>\n\r\n<\/div>\n<div id=\"frm_field_87_container\" class=\"frm_form_field form-field  frm_top_container\">\r\n\t<label for=\"field_1p7d6\" id=\"field_1p7d6_label\" class=\"frm_primary_label\">How did you hear about us?\r\n\t\t<span class=\"frm_required\" aria-hidden=\"true\"><\/span>\r\n\t<\/label>\r\n\t<input  type=\"text\" id=\"field_1p7d6\" name=\"item_meta[87]\" value=\"\"  data-invmsg=\"How did you hear about us?  is invalid\" aria-invalid=\"false\"   \/>\r\n\t\r\n\t\r\n<\/div>\n<div id=\"frm_field_104_container\" class=\"frm_form_field form-field  frm_required_field frm_none_container vertical_radio\">\r\n\t<div  id=\"field_zdk7z_label\" class=\"frm_primary_label\">DSGVO\r\n\t\t<span class=\"frm_required\" aria-hidden=\"true\">*<\/span>\r\n\t<\/div>\r\n\t<div class=\"frm_opt_container\" aria-labelledby=\"field_zdk7z_label\" role=\"group\">\t\t<div class=\"frm_checkbox\" id=\"frm_checkbox_104-0\">\t\t\t<label  for=\"field_zdk7z-0\">\n\t\t\t<input type=\"checkbox\" name=\"item_meta[104][]\" id=\"field_zdk7z-0\" value=\"akzeptiert\"  data-reqmsg=\"DSGVO kann nicht leer sein.\" data-invmsg=\"DSGVO ist ung\u00fcltig\"   aria-required=\"true\"  \/> I hereby accept the <a href=\"\/privacy-policy\/\">privacy policy<\/a> <span class=\"frm_required\" aria-hidden=\"true\">*<\/span><\/label><\/div>\n<\/div>\r\n\t\r\n\t\r\n<\/div>\n<div id=\"frm_field_82_container\" class=\"frm_form_field form-field  frm_none_container\">\r\n\t<label for=\"g-recaptcha-response\" id=\"field_rje8m2_label\" class=\"frm_primary_label\">Captcha\r\n\t\t<span class=\"frm_required\" aria-hidden=\"true\"><\/span>\r\n\t<\/label>\r\n\t<div  id=\"field_rje8m2\" class=\"frm-g-recaptcha\" data-sitekey=\"6Lc_6nUdAAAAAG1AIJVKybc0bqJUBiGPyqRC59Vs\" data-size=\"invisible\" data-theme=\"light\"><\/div>\r\n\t\r\n\t\r\n<\/div>\n<div id=\"frm_field_83_container\" class=\"frm_form_field form-field \">\r\n\t<div class=\"frm_submit frm_flex\">\r\n<button class=\"frm_button_submit frm_final_submit\" type=\"submit\"   formnovalidate=\"formnovalidate\">Submit<\/button>\r\n\r\n\r\n\r\n<\/div>\r\n<\/div>\n\t<input type=\"hidden\" name=\"item_key\" value=\"\" \/>\n\t\t\t<div id=\"frm_field_106_container\">\n\t\t\t<label for=\"field_3yqvp\" >\n\t\t\t\tIf you are human, leave this field blank.\t\t\t<\/label>\n\t\t\t<input  id=\"field_3yqvp\" type=\"text\" class=\"frm_form_field form-field frm_verify\" name=\"item_meta[106]\" value=\"\"  \/>\n\t\t<\/div>\n\t\t<input name=\"frm_state\" type=\"hidden\" value=\"jpEnCpprotInz1+YEZWuVK9hQEtCdsx5n+HmodNUI1etV+oEA6Anx3Ns39aX0GFx\" \/><\/div>\n<\/fieldset>\n<\/div>\n\n<\/form>\n<\/div>\n\t\t\t\t<\/div>\n\t\t\t\t<\/div>\n\t\t\t\t<\/div>\n\t\t\t\t<\/div>\n\t\t\t\t<\/div>\n\t\t","protected":false},"excerpt":{"rendered":"<p>Registration form Meldebatt Anreise * Abreise * Anrede * FrauHerrFamilie Vorname * Nachname * Staatsangeh\u00f6rigkeit * Geburtsdatum * Stra\u00dfe PLZ Ort E-Mail * Telefon KFZ-Kennzeichen Begleitperson(en) Vorname * Nachname * Geburtsdatum * plus1 hinzuf\u00fcgen minus1 entfernen Wie sind Sie auf uns aufmerksam geworden? DSGVO Consent * Hiermit akzeptiere ich die Datenschutzerkl\u00e4rung * Captcha Absenden Falls [&hellip;]<\/p>\n","protected":false},"author":2,"featured_media":0,"parent":0,"menu_order":90,"comment_status":"closed","ping_status":"closed","template":"","meta":{"footnotes":""},"tags":[],"class_list":["post-5393","page","type-page","status-publish","hentry"],"_links":{"self":[{"href":"https:\/\/hostinger.hotel-wastlwirt.at\/en\/wp-json\/wp\/v2\/pages\/5393","targetHints":{"allow":["GET"]}}],"collection":[{"href":"https:\/\/hostinger.hotel-wastlwirt.at\/en\/wp-json\/wp\/v2\/pages"}],"about":[{"href":"https:\/\/hostinger.hotel-wastlwirt.at\/en\/wp-json\/wp\/v2\/types\/page"}],"author":[{"embeddable":true,"href":"https:\/\/hostinger.hotel-wastlwirt.at\/en\/wp-json\/wp\/v2\/users\/2"}],"replies":[{"embeddable":true,"href":"https:\/\/hostinger.hotel-wastlwirt.at\/en\/wp-json\/wp\/v2\/comments?post=5393"}],"version-history":[{"count":0,"href":"https:\/\/hostinger.hotel-wastlwirt.at\/en\/wp-json\/wp\/v2\/pages\/5393\/revisions"}],"wp:attachment":[{"href":"https:\/\/hostinger.hotel-wastlwirt.at\/en\/wp-json\/wp\/v2\/media?parent=5393"}],"wp:term":[{"taxonomy":"post_tag","embeddable":true,"href":"https:\/\/hostinger.hotel-wastlwirt.at\/en\/wp-json\/wp\/v2\/tags?post=5393"}],"curies":[{"name":"wp","href":"https:\/\/api.w.org\/{rel}","templated":true}]}}